{"id":2,"date":"2023-02-24T16:49:59","date_gmt":"2023-02-24T15:49:59","guid":{"rendered":"https:\/\/www.autoschluessel-schanzer.de\/community\/?page_id=2"},"modified":"2024-12-03T16:49:37","modified_gmt":"2024-12-03T15:49:37","slug":"schanzer","status":"publish","type":"page","link":"https:\/\/www.autoschluessel-schanzer.de\/community\/schanzer\/","title":{"rendered":"Schanzer"},"content":{"rendered":"\n<h2 class=\"wp-block-heading\">Region<\/h2>\n\n\n\n<p>Infos<\/p>\n\n\n\n<h4 class=\"wp-block-heading\">SERVICE<\/h4>\n\n\n\n<ul class=\"wp-block-list\">\n<li>Klonen von Schl\u00fcsseln fast aller Automodelle<\/li>\n\n\n\n<li>Zweitschl\u00fcssel f\u00fcr PKW, Transporter, Motorrad und Roller<\/li>\n\n\n\n<li>Wegfahrsperrenchip auslesen<\/li>\n\n\n\n<li>Klappschl\u00fcssel modifizieren<\/li>\n\n\n\n<li>Geh\u00e4useerneuerung, Geh\u00e4usewechsel und Geh\u00e4usereparatur<\/li>\n\n\n\n<li>Autoschl\u00fcsselbatteriewechsel von Batterie und Lithium Akku<\/li>\n\n\n\n<li>Fernbedienungen f\u00fcr fast alle Fahrzeugmodelle sowie f\u00fcr das schl\u00fcssellose starten<\/li>\n\n\n\n<li>Autoschl\u00fcssel Codierung und anlernen mit Diagnoseger\u00e4ten<\/li>\n\n\n\n<li>Kopieren und Klonen von festen und verschl\u00fcsselten Transpondern<\/li>\n\n\n\n<li>Transponder \u00fcber OBD-II Anschluss am Auto am Technikplatz programmieren<\/li>\n\n\n\n<li>Fernbedienung \u00fcber OBD-II Anschluss am Auto oder manuell programmieren<\/li>\n\n\n\n<li>Datenchipspeicher-Anwendungen zur Generierung von Transponderdaten und des Verschl\u00fcsselungscodes<\/li>\n\n\n\n<li>Fr\u00e4sen von eigenen Rohlingen<\/li>\n\n\n\n<li>Schl\u00fcsselmetallteile erneuern und schneiden<\/li>\n\n\n\n<li>Verlorengegangenen Schl\u00fcssel l\u00f6schen<\/li>\n<\/ul>\n\n\n\n<h4 class=\"wp-block-heading\">FAHRZEUGMODELLE<\/h4>\n\n\n\n<p>Alfa Romeo \u00b7 Audi \u00b7 BMW \u00b7 Cadillac \u00b7 Chevrolet \u00b7 Chrysler \u00b7 Citroen \u00b7 Dacia \u00b7 Daewoo \u00b7 Daihatsu \u00b7 Dodge \u00b7 Fiat \u00b7 Ford \u00b7 GMC \u00b7 Honda \u00b7 Hummer \u00b7 Hyundai \u00b7 Infiniti \u00b7 Isuzu \u00b7 Iveco \u00b7 Jaguar \u00b7 Jeep \u00b7 Kia \u00b7 Lancia \u00b7 Land Rover \u00b7 Lexus \u00b7 Lincoln \u00b7 Lotus \u00b7 Mazda \u00b7 Mercedes \u00b7 Mercury \u00b7 Mini \u00b7 Mitsubishi \u00b7 Nissan \u00b7 Opel-Vauxhall \u00b7 Peugeot \u00b7 Pontiac \u00b7 Porsche \u00b7 Proton \u00b7 Renault \u00b7 Rover \u00b7 Saab \u00b7 Seat \u00b7 Skoda \u00b7 Smart \u00b7 Ssangyong \u00b7 Subaru \u00b7 Suzuki \u00b7 Toyota \u00b7 Volkswagen \u00b7 Volvo<\/p>\n\n\n\n<h4 class=\"wp-block-heading\">KREISFREIE STADT INGOLSTADT<\/h4>\n\n\n\n<p>D\u00fcnzlau \u00b7 D\u00fcnzlauerm\u00fchle \u00b7 Einbogen \u00b7 Etting \u00b7 Feldkirchen \u00b7 Friedrichshofen \u00b7 Hagau \u00b7 Haunw\u00f6hr \u00b7 Heindlm\u00fchle \u00b7 Hennenb\u00fchl \u00b7 Herrenschwaige \u00b7 Hundszell \u00b7 Ingolstadt \u00b7 Irgertsheim \u00b7 Knoglersfreude \u00b7 Kothau \u00b7 Mailing \u00b7 Moosm\u00fchle \u00b7 M\u00fchlhausen \u00b7 Niederfeld \u00b7 Oberbrunnenreuth \u00b7 Oberhaunstadt \u00b7 Ochsenm\u00fchle \u00b7 Pettenhofen \u00b7 Ringsee \u00b7 Rothenthurm \u00b7 Samhof \u00b7 Samholz \u00b7 Schaum\u00fchle \u00b7 Schmalzbuckel \u00b7 Schmidtm\u00fchle \u00b7 Seehof \u00b7 Sonnenbr\u00fccke \u00b7 Spitalhof \u00b7 Spitzlm\u00fchle \u00b7 Stockerm\u00fchle \u00b7 Unsernherrn \u00b7 Unterbrunnenreuth \u00b7 Unterhaunstadt \u00b7 Winden \u00b7 Zuchering<\/p>\n\n\n\n<h4 class=\"wp-block-heading\">UMLAND IN INGOLSTADT<\/h4>\n\n\n\n<p>Ingolstadt \u00b7 Neuburg an der Donau \u00b7 Pfaffenhofen an der Ilm \u00b7 Mainburg \u00b7 Freising \u00b7 Dachau \u00b7 Regensburg \u00b7 Neumarkt in der Oberpfalz \u00b7 Augsburg \u00b7 Landshut \u00b7 Erding \u00b7 Ismaning \u00b7 F\u00fcrstenfeldbruck \u00b7 Schwabach \u00b7 M\u00fcnchen \u00b7 Germering \u00b7 Gr\u00e4felfing \u00b7 Dingolfing \u00b7 Langfurth \u00b7 N\u00fcrnberg \u00b7 Amberg \u00b7 Straubing \u00b7 Starnberg \u00b7 F\u00fcrth \u00b7 Ebersberg \u00b7 Ansbach \u00b7 Herrsching am Ammersee \u00b7 Landsberg am Lech \u00b7 Heidenheim an der Brenz \u00b7 Waldkraiburg \u00b7 Buchloe \u00b7 Ellwangen (Jagst) \u00b7 Erlangen \u00b7 Aalen \u00b7 Geretsried \u00b7 Weilheim in Oberbayern \u00b7 Crailsheim \u00b7 Forchheim \u00b7 Illesheim \u00b7 Alt\u00f6tting \u00b7 Neu-Ulm<\/p>\n\n\n\n<h4 class=\"wp-block-heading\">WIKI WEGFAHRSPERRE<\/h4>\n\n\n\n<p>Wegfahrsperren sind Einrichtungen an Kraftfahrzeugen, die verhindern sollen, dass diese unbefugt in Betrieb genommen werden k\u00f6nnen. Man unterscheidet mechanische Wegfahrsperren und elektronische Wegfahrsperren. Au\u00dferdem gibt es so genannte unfreiwillige Wegfahrsperren, die sich gegen den Besitzer richten.<br><a rel=\"noreferrer noopener\" href=\"https:\/\/www.autoschluessel-schanzer.de\/index.php\" target=\"_blank\">Quelle: Wikipedia<\/a><\/p>\n\n\n\n<p><\/p>\n\n\n\n<blockquote class=\"wp-block-quote is-layout-flow wp-block-quote-is-layout-flow\">\n<p><strong>Montag bis Samstag<br>Onlinetermin<br><\/strong> 07:00 Uhr \u2013 20:00 Uhr<\/p>\n\n\n\n<p><strong>Montag, Mittwoch, Donnerstag und Samstag<br>Ortstermin<br><\/strong> 16:00 Uhr \u2013 20:00 Uhr<\/p>\n\n\n\n<p><strong>Sonn- und Feiertage<br><\/strong>Geschlossen<\/p>\n<\/blockquote>\n\n\n\n<p>Infos<\/p>\n\n\n\n<blockquote class=\"wp-block-quote is-layout-flow wp-block-quote-is-layout-flow\">\n<p><\/p>\n\n\n\n<p><strong>KONTAKT<\/strong><br>E-Mail: <a href=\"mailto:smartkey@autoschluessel-schanzer.de\">Nachricht senden<\/a><br>Mobil: <a href=\"phone: +491795437866\">0163 \/ 75 61 94 0<\/a><\/p>\n<\/blockquote>\n\n\n\n<p>Infos<\/p>\n","protected":false},"excerpt":{"rendered":"<p>Region Infos SERVICE FAHRZEUGMODELLE Alfa Romeo \u00b7 Audi \u00b7 BMW \u00b7 Cadillac \u00b7 Chevrolet \u00b7 Chrysler \u00b7 Citroen \u00b7 Dacia &hellip; <\/p>\n<p class=\"link-more\"><a href=\"https:\/\/www.autoschluessel-schanzer.de\/community\/schanzer\/\" class=\"more-link fw-bold\">Continue reading<span class=\"screen-reader-text\"> &#8222;Schanzer&#8220;<\/span><\/a><\/p>\n","protected":false},"author":1,"featured_media":10,"parent":0,"menu_order":0,"comment_status":"open","ping_status":"open","template":"","meta":{"footnotes":""},"class_list":["post-2","page","type-page","status-publish","has-post-thumbnail","hentry"],"_links":{"self":[{"href":"https:\/\/www.autoschluessel-schanzer.de\/community\/wp-json\/wp\/v2\/pages\/2","targetHints":{"allow":["GET"]}}],"collection":[{"href":"https:\/\/www.autoschluessel-schanzer.de\/community\/wp-json\/wp\/v2\/pages"}],"about":[{"href":"https:\/\/www.autoschluessel-schanzer.de\/community\/wp-json\/wp\/v2\/types\/page"}],"author":[{"embeddable":true,"href":"https:\/\/www.autoschluessel-schanzer.de\/community\/wp-json\/wp\/v2\/users\/1"}],"replies":[{"embeddable":true,"href":"https:\/\/www.autoschluessel-schanzer.de\/community\/wp-json\/wp\/v2\/comments?post=2"}],"version-history":[{"count":3,"href":"https:\/\/www.autoschluessel-schanzer.de\/community\/wp-json\/wp\/v2\/pages\/2\/revisions"}],"predecessor-version":[{"id":196,"href":"https:\/\/www.autoschluessel-schanzer.de\/community\/wp-json\/wp\/v2\/pages\/2\/revisions\/196"}],"wp:featuredmedia":[{"embeddable":true,"href":"https:\/\/www.autoschluessel-schanzer.de\/community\/wp-json\/wp\/v2\/media\/10"}],"wp:attachment":[{"href":"https:\/\/www.autoschluessel-schanzer.de\/community\/wp-json\/wp\/v2\/media?parent=2"}],"curies":[{"name":"wp","href":"https:\/\/api.w.org\/{rel}","templated":true}]}}