{"id":164,"date":"2023-02-25T02:58:07","date_gmt":"2023-02-25T01:58:07","guid":{"rendered":"https:\/\/www.autoschluessel-schanzer.de\/community\/?page_id=164"},"modified":"2023-03-08T16:54:17","modified_gmt":"2023-03-08T15:54:17","slug":"agb","status":"publish","type":"page","link":"https:\/\/www.autoschluessel-schanzer.de\/community\/agb\/","title":{"rendered":"AGB"},"content":{"rendered":"\n<h2 class=\"wp-block-heading\">Allgemeine Gesch\u00e4ftsbedingungen<\/h2>\n\n\n\n<p>Infos<\/p>\n\n\n\n<div class=\"wp-block-columns is-layout-flex wp-container-core-columns-is-layout-9d6595d7 wp-block-columns-is-layout-flex\">\n<div class=\"wp-block-column is-layout-flow wp-block-column-is-layout-flow\">\n<figure class=\"wp-block-image size-large\"><img loading=\"lazy\" decoding=\"async\" width=\"768\" height=\"1024\" src=\"https:\/\/www.autoschluessel-schanzer.de\/community\/wp-content\/uploads\/2023\/02\/PHOTO-2022-10-30-10-01-30-768x1024.jpg\" alt=\"\" class=\"wp-image-136 img-fluid \" srcset=\"https:\/\/www.autoschluessel-schanzer.de\/community\/wp-content\/uploads\/2023\/02\/PHOTO-2022-10-30-10-01-30-768x1024.jpg 768w, https:\/\/www.autoschluessel-schanzer.de\/community\/wp-content\/uploads\/2023\/02\/PHOTO-2022-10-30-10-01-30-225x300.jpg 225w, https:\/\/www.autoschluessel-schanzer.de\/community\/wp-content\/uploads\/2023\/02\/PHOTO-2022-10-30-10-01-30-1152x1536.jpg 1152w, https:\/\/www.autoschluessel-schanzer.de\/community\/wp-content\/uploads\/2023\/02\/PHOTO-2022-10-30-10-01-30.jpg 1536w\" sizes=\"auto, (max-width: 768px) 100vw, 768px\" \/><\/figure>\n<\/div>\n\n\n\n<div class=\"wp-block-column is-layout-flow wp-block-column-is-layout-flow\">\n<figure class=\"wp-block-image size-large\"><img loading=\"lazy\" decoding=\"async\" width=\"768\" height=\"1024\" src=\"https:\/\/www.autoschluessel-schanzer.de\/community\/wp-content\/uploads\/2023\/02\/PHOTO-2022-10-30-10-02-19-768x1024.jpg\" alt=\"\" class=\"wp-image-140 img-fluid \" srcset=\"https:\/\/www.autoschluessel-schanzer.de\/community\/wp-content\/uploads\/2023\/02\/PHOTO-2022-10-30-10-02-19-768x1024.jpg 768w, https:\/\/www.autoschluessel-schanzer.de\/community\/wp-content\/uploads\/2023\/02\/PHOTO-2022-10-30-10-02-19-225x300.jpg 225w, https:\/\/www.autoschluessel-schanzer.de\/community\/wp-content\/uploads\/2023\/02\/PHOTO-2022-10-30-10-02-19-1152x1536.jpg 1152w, https:\/\/www.autoschluessel-schanzer.de\/community\/wp-content\/uploads\/2023\/02\/PHOTO-2022-10-30-10-02-19.jpg 1536w\" sizes=\"auto, (max-width: 768px) 100vw, 768px\" \/><\/figure>\n<\/div>\n\n\n\n<div class=\"wp-block-column is-layout-flow wp-block-column-is-layout-flow\">\n<figure class=\"wp-block-image size-large\"><img loading=\"lazy\" decoding=\"async\" width=\"768\" height=\"1024\" src=\"https:\/\/www.autoschluessel-schanzer.de\/community\/wp-content\/uploads\/2023\/02\/PHOTO-2022-10-30-10-01-31-768x1024.jpg\" alt=\"\" class=\"wp-image-138 img-fluid \" srcset=\"https:\/\/www.autoschluessel-schanzer.de\/community\/wp-content\/uploads\/2023\/02\/PHOTO-2022-10-30-10-01-31-768x1024.jpg 768w, https:\/\/www.autoschluessel-schanzer.de\/community\/wp-content\/uploads\/2023\/02\/PHOTO-2022-10-30-10-01-31-225x300.jpg 225w, https:\/\/www.autoschluessel-schanzer.de\/community\/wp-content\/uploads\/2023\/02\/PHOTO-2022-10-30-10-01-31-1152x1536.jpg 1152w, https:\/\/www.autoschluessel-schanzer.de\/community\/wp-content\/uploads\/2023\/02\/PHOTO-2022-10-30-10-01-31.jpg 1536w\" sizes=\"auto, (max-width: 768px) 100vw, 768px\" \/><\/figure>\n<\/div>\n<\/div>\n\n\n\n<h2 class=\"wp-block-heading\">1. AUTOSCHL\u00dcSSEL PROGRAMMIEREN &amp; KLONEN<\/h2>\n\n\n\n<p>Da es eine gro\u00dfe Auswahl an Fahrzeugschl\u00fcsseln und Chips gibt, ben\u00f6tigen wir vorab immer ein Foto des Schl\u00fcssels mit Angabe des Modells sowie dessen Baujahr um sie beraten zu k\u00f6nnen.<\/p>\n","protected":false},"excerpt":{"rendered":"<p>Allgemeine Gesch\u00e4ftsbedingungen Infos 1. AUTOSCHL\u00dcSSEL PROGRAMMIEREN &amp; KLONEN Da es eine gro\u00dfe Auswahl an Fahrzeugschl\u00fcsseln und Chips gibt, ben\u00f6tigen wir &hellip; <\/p>\n<p class=\"link-more\"><a href=\"https:\/\/www.autoschluessel-schanzer.de\/community\/agb\/\" class=\"more-link fw-bold\">Continue reading<span class=\"screen-reader-text\"> &#8222;AGB&#8220;<\/span><\/a><\/p>\n","protected":false},"author":1,"featured_media":0,"parent":0,"menu_order":0,"comment_status":"closed","ping_status":"closed","template":"","meta":{"footnotes":""},"class_list":["post-164","page","type-page","status-publish","hentry"],"_links":{"self":[{"href":"https:\/\/www.autoschluessel-schanzer.de\/community\/wp-json\/wp\/v2\/pages\/164","targetHints":{"allow":["GET"]}}],"collection":[{"href":"https:\/\/www.autoschluessel-schanzer.de\/community\/wp-json\/wp\/v2\/pages"}],"about":[{"href":"https:\/\/www.autoschluessel-schanzer.de\/community\/wp-json\/wp\/v2\/types\/page"}],"author":[{"embeddable":true,"href":"https:\/\/www.autoschluessel-schanzer.de\/community\/wp-json\/wp\/v2\/users\/1"}],"replies":[{"embeddable":true,"href":"https:\/\/www.autoschluessel-schanzer.de\/community\/wp-json\/wp\/v2\/comments?post=164"}],"version-history":[{"count":3,"href":"https:\/\/www.autoschluessel-schanzer.de\/community\/wp-json\/wp\/v2\/pages\/164\/revisions"}],"predecessor-version":[{"id":190,"href":"https:\/\/www.autoschluessel-schanzer.de\/community\/wp-json\/wp\/v2\/pages\/164\/revisions\/190"}],"wp:attachment":[{"href":"https:\/\/www.autoschluessel-schanzer.de\/community\/wp-json\/wp\/v2\/media?parent=164"}],"curies":[{"name":"wp","href":"https:\/\/api.w.org\/{rel}","templated":true}]}}