{"id":162,"date":"2023-02-25T02:57:22","date_gmt":"2023-02-25T01:57:22","guid":{"rendered":"https:\/\/www.autoschluessel-schanzer.de\/community\/?page_id=162"},"modified":"2023-03-08T16:52:45","modified_gmt":"2023-03-08T15:52:45","slug":"faq","status":"publish","type":"page","link":"https:\/\/www.autoschluessel-schanzer.de\/community\/faq\/","title":{"rendered":"FAQ"},"content":{"rendered":"\n<h2 class=\"wp-block-heading\">H\u00e4ufig gestellte Fragen<\/h2>\n\n\n\n<p>Infos<\/p>\n\n\n\n<div class=\"wp-block-columns is-layout-flex wp-container-core-columns-is-layout-9d6595d7 wp-block-columns-is-layout-flex\">\n<div class=\"wp-block-column is-layout-flow wp-block-column-is-layout-flow\">\n<figure class=\"wp-block-image size-full\"><img loading=\"lazy\" decoding=\"async\" width=\"768\" height=\"768\" src=\"https:\/\/www.autoschluessel-schanzer.de\/community\/wp-content\/uploads\/2023\/02\/247a8715-1aa1-4858-b2b1-a6ace6ef5d9d-2-Instagram.jpg\" alt=\"\" class=\"wp-image-84 img-fluid \" srcset=\"https:\/\/www.autoschluessel-schanzer.de\/community\/wp-content\/uploads\/2023\/02\/247a8715-1aa1-4858-b2b1-a6ace6ef5d9d-2-Instagram.jpg 768w, https:\/\/www.autoschluessel-schanzer.de\/community\/wp-content\/uploads\/2023\/02\/247a8715-1aa1-4858-b2b1-a6ace6ef5d9d-2-Instagram-300x300.jpg 300w, https:\/\/www.autoschluessel-schanzer.de\/community\/wp-content\/uploads\/2023\/02\/247a8715-1aa1-4858-b2b1-a6ace6ef5d9d-2-Instagram-150x150.jpg 150w\" sizes=\"auto, (max-width: 768px) 100vw, 768px\" \/><\/figure>\n<\/div>\n\n\n\n<div class=\"wp-block-column is-layout-flow wp-block-column-is-layout-flow\">\n<figure class=\"wp-block-image size-full\"><img loading=\"lazy\" decoding=\"async\" width=\"768\" height=\"768\" src=\"https:\/\/www.autoschluessel-schanzer.de\/community\/wp-content\/uploads\/2023\/02\/a822a7ff-7149-475b-ab14-200ef49f29fe-2-Instagram.jpg\" alt=\"\" class=\"wp-image-85 img-fluid \" srcset=\"https:\/\/www.autoschluessel-schanzer.de\/community\/wp-content\/uploads\/2023\/02\/a822a7ff-7149-475b-ab14-200ef49f29fe-2-Instagram.jpg 768w, https:\/\/www.autoschluessel-schanzer.de\/community\/wp-content\/uploads\/2023\/02\/a822a7ff-7149-475b-ab14-200ef49f29fe-2-Instagram-300x300.jpg 300w, https:\/\/www.autoschluessel-schanzer.de\/community\/wp-content\/uploads\/2023\/02\/a822a7ff-7149-475b-ab14-200ef49f29fe-2-Instagram-150x150.jpg 150w\" sizes=\"auto, (max-width: 768px) 100vw, 768px\" \/><\/figure>\n<\/div>\n\n\n\n<div class=\"wp-block-column is-layout-flow wp-block-column-is-layout-flow\">\n<figure class=\"wp-block-image size-full\"><img loading=\"lazy\" decoding=\"async\" width=\"768\" height=\"768\" src=\"https:\/\/www.autoschluessel-schanzer.de\/community\/wp-content\/uploads\/2023\/02\/bc4bb818-a1f8-4eed-acc5-32877523b716-2-Instagram.jpg\" alt=\"\" class=\"wp-image-123 img-fluid \" srcset=\"https:\/\/www.autoschluessel-schanzer.de\/community\/wp-content\/uploads\/2023\/02\/bc4bb818-a1f8-4eed-acc5-32877523b716-2-Instagram.jpg 768w, https:\/\/www.autoschluessel-schanzer.de\/community\/wp-content\/uploads\/2023\/02\/bc4bb818-a1f8-4eed-acc5-32877523b716-2-Instagram-300x300.jpg 300w, https:\/\/www.autoschluessel-schanzer.de\/community\/wp-content\/uploads\/2023\/02\/bc4bb818-a1f8-4eed-acc5-32877523b716-2-Instagram-150x150.jpg 150w\" sizes=\"auto, (max-width: 768px) 100vw, 768px\" \/><\/figure>\n<\/div>\n<\/div>\n\n\n\n<h2 class=\"wp-block-heading\">1. AUTOSCHL\u00dcSSEL PROGRAMMIEREN &amp; KLONEN<\/h2>\n\n\n\n<p>Bevor wir Sie beraten, ben\u00f6tigen wir entweder ein Bild vom Autoschl\u00fcssel oder des Fahrzeugscheins.<\/p>\n","protected":false},"excerpt":{"rendered":"<p>H\u00e4ufig gestellte Fragen Infos 1. AUTOSCHL\u00dcSSEL PROGRAMMIEREN &amp; KLONEN Bevor wir Sie beraten, ben\u00f6tigen wir entweder ein Bild vom Autoschl\u00fcssel &hellip; <\/p>\n<p class=\"link-more\"><a href=\"https:\/\/www.autoschluessel-schanzer.de\/community\/faq\/\" class=\"more-link fw-bold\">Continue reading<span class=\"screen-reader-text\"> &#8222;FAQ&#8220;<\/span><\/a><\/p>\n","protected":false},"author":1,"featured_media":0,"parent":0,"menu_order":0,"comment_status":"closed","ping_status":"closed","template":"","meta":{"footnotes":""},"class_list":["post-162","page","type-page","status-publish","hentry"],"_links":{"self":[{"href":"https:\/\/www.autoschluessel-schanzer.de\/community\/wp-json\/wp\/v2\/pages\/162","targetHints":{"allow":["GET"]}}],"collection":[{"href":"https:\/\/www.autoschluessel-schanzer.de\/community\/wp-json\/wp\/v2\/pages"}],"about":[{"href":"https:\/\/www.autoschluessel-schanzer.de\/community\/wp-json\/wp\/v2\/types\/page"}],"author":[{"embeddable":true,"href":"https:\/\/www.autoschluessel-schanzer.de\/community\/wp-json\/wp\/v2\/users\/1"}],"replies":[{"embeddable":true,"href":"https:\/\/www.autoschluessel-schanzer.de\/community\/wp-json\/wp\/v2\/comments?post=162"}],"version-history":[{"count":4,"href":"https:\/\/www.autoschluessel-schanzer.de\/community\/wp-json\/wp\/v2\/pages\/162\/revisions"}],"predecessor-version":[{"id":189,"href":"https:\/\/www.autoschluessel-schanzer.de\/community\/wp-json\/wp\/v2\/pages\/162\/revisions\/189"}],"wp:attachment":[{"href":"https:\/\/www.autoschluessel-schanzer.de\/community\/wp-json\/wp\/v2\/media?parent=162"}],"curies":[{"name":"wp","href":"https:\/\/api.w.org\/{rel}","templated":true}]}}